{"id":61,"date":"2025-08-14T13:20:52","date_gmt":"2025-08-14T16:20:52","guid":{"rendered":"https:\/\/canal4teleaire.com.ar\/2025\/?page_id=61"},"modified":"2025-08-14T13:40:31","modified_gmt":"2025-08-14T16:40:31","slug":"quienes-somos","status":"publish","type":"page","link":"https:\/\/canal4teleaire.com.ar\/2025\/quienes-somos\/","title":{"rendered":"Qui\u00e9nes Somos"},"content":{"rendered":"\t\t<div data-elementor-type=\"wp-page\" data-elementor-id=\"61\" class=\"elementor elementor-61\" data-elementor-post-type=\"page\">\n\t\t\t\t<div class=\"elementor-element elementor-element-fcdb63d e-flex e-con-boxed e-con e-parent\" data-id=\"fcdb63d\" data-element_type=\"container\" data-e-type=\"container\" data-settings=\"{&quot;background_background&quot;:&quot;classic&quot;}\">\n\t\t\t\t\t<div class=\"e-con-inner\">\n\t\t\t\t<div class=\"elementor-element elementor-element-875c7c7 elementor-widget elementor-widget-heading\" data-id=\"875c7c7\" data-element_type=\"widget\" data-e-type=\"widget\" data-widget_type=\"heading.default\">\n\t\t\t\t\t<h2 class=\"elementor-heading-title elementor-size-default\">Qui\u00e9nes Somos<\/h2>\t\t\t\t<\/div>\n\t\t\t\t\t<\/div>\n\t\t\t\t<\/div>\n\t\t<div class=\"elementor-element elementor-element-bde5c48 e-flex e-con-boxed e-con e-parent\" data-id=\"bde5c48\" data-element_type=\"container\" data-e-type=\"container\">\n\t\t\t\t\t<div class=\"e-con-inner\">\n\t\t\t\t<div class=\"elementor-element elementor-element-3f5d3c3 elementor-widget elementor-widget-heading\" data-id=\"3f5d3c3\" data-element_type=\"widget\" data-e-type=\"widget\" data-widget_type=\"heading.default\">\n\t\t\t\t\t<h2 class=\"elementor-heading-title elementor-size-default\">Canal 4 Teleaire es un canal de televisi\u00f3n del Partido de General San Mart\u00edn, Buenos Aires, Argentina. <\/h2>\t\t\t\t<\/div>\n\t\t\t\t<div class=\"elementor-element elementor-element-d858b8f elementor-widget elementor-widget-text-editor\" data-id=\"d858b8f\" data-element_type=\"widget\" data-e-type=\"widget\" data-widget_type=\"text-editor.default\">\n\t\t\t\t\t\t\t\t\t<h4>La emisora produce audiovisuales y programas que se emiten por nuestro sitio\u00a0<a href=\"http:\/\/www.canal4teleaire.com.ar\/\" target=\"_blank\" rel=\"noopener\" data-saferedirecturl=\"https:\/\/www.google.com\/url?q=http:\/\/www.canal4teleaire.com.ar&amp;source=gmail&amp;ust=1657891587670000&amp;usg=AOvVaw1UDOdTXmdkwMUZMOBxfiUa\">www.canal4teleaire.com.<wbr \/>ar<\/a>\u00a0y en las App tanto en el Sistema Android como as\u00ed tambi\u00e9n en IOS, tambi\u00e9n estamos en Chromecast Tv, Roku Tv, Dailymotion, y YouTube.<\/h4>\t\t\t\t\t\t\t\t<\/div>\n\t\t\t\t<div class=\"elementor-element elementor-element-1d8f36c elementor-widget elementor-widget-image\" data-id=\"1d8f36c\" data-element_type=\"widget\" data-e-type=\"widget\" data-widget_type=\"image.default\">\n\t\t\t\t\t\t\t\t\t\t\t\t\t\t\t<img fetchpriority=\"high\" decoding=\"async\" width=\"1600\" height=\"1200\" src=\"https:\/\/canal4teleaire.com.ar\/2025\/wp-content\/uploads\/2025\/08\/9abe11b4-d0e7-4c2a-bfd5-c507e1c0e632.jpg\" class=\"attachment-full size-full wp-image-63\" alt=\"\" srcset=\"https:\/\/canal4teleaire.com.ar\/2025\/wp-content\/uploads\/2025\/08\/9abe11b4-d0e7-4c2a-bfd5-c507e1c0e632.jpg 1600w, https:\/\/canal4teleaire.com.ar\/2025\/wp-content\/uploads\/2025\/08\/9abe11b4-d0e7-4c2a-bfd5-c507e1c0e632-300x225.jpg 300w, https:\/\/canal4teleaire.com.ar\/2025\/wp-content\/uploads\/2025\/08\/9abe11b4-d0e7-4c2a-bfd5-c507e1c0e632-1024x768.jpg 1024w, https:\/\/canal4teleaire.com.ar\/2025\/wp-content\/uploads\/2025\/08\/9abe11b4-d0e7-4c2a-bfd5-c507e1c0e632-768x576.jpg 768w, https:\/\/canal4teleaire.com.ar\/2025\/wp-content\/uploads\/2025\/08\/9abe11b4-d0e7-4c2a-bfd5-c507e1c0e632-1536x1152.jpg 1536w\" sizes=\"(max-width: 1600px) 100vw, 1600px\" \/>\t\t\t\t\t\t\t\t\t\t\t\t\t\t\t<\/div>\n\t\t\t\t<div class=\"elementor-element elementor-element-4916180 elementor-widget elementor-widget-heading\" data-id=\"4916180\" data-element_type=\"widget\" data-e-type=\"widget\" data-widget_type=\"heading.default\">\n\t\t\t\t\t<h2 class=\"elementor-heading-title elementor-size-default\">Nuestra Historia<\/h2>\t\t\t\t<\/div>\n\t\t\t\t<div class=\"elementor-element elementor-element-0245665 elementor-widget elementor-widget-text-editor\" data-id=\"0245665\" data-element_type=\"widget\" data-e-type=\"widget\" data-widget_type=\"text-editor.default\">\n\t\t\t\t\t\t\t\t\t<div class=\"elementor-element elementor-element-c74cbd1 elementor-widget elementor-widget-heading\" data-id=\"c74cbd1\" data-element_type=\"widget\" data-widget_type=\"heading.default\"><div class=\"elementor-widget-container\"><p><span style=\"font-size: 16px;\">Teleaire naci\u00f3 hace m\u00e1s de 26 a\u00f1os, cuando su fundador Alberto Cayetano Mart\u00ednez, ya realizaba programas de televisi\u00f3n para varios cables de la zona norte. Luego comenzaron las producciones para Canal 4. Siempre haciendo de la televisi\u00f3n, una herramienta para seguir avanzando en nuestra cultura y fe, con programas por y para el televidente.<\/span><\/p><\/div><\/div><div class=\"elementor-element elementor-element-d7a3f5e elementor-widget elementor-widget-text-editor\" data-id=\"d7a3f5e\" data-element_type=\"widget\" data-widget_type=\"text-editor.default\"><div class=\"elementor-widget-container\"><p>La empresa est\u00e1 afincada en el Partido de General San Mart\u00edn, Gran Buenos Aires, a siete cuadras de la plaza c\u00e9ntrica y el palacio Municipal, es una empresa privada dedicada a producir t\u00e9cnica y art\u00edsticamente diversas propuestas para televisi\u00f3n e internet. Los productores independientes que trabajan con la Empresa lo hacen sobre sus ideas y con total apoyo de Canal 4 Teleaire. Producciones propias que priman valores culturales y sociales, que no tienen espacio en otros medios por no ser comerciales o no coincidir con la televisi\u00f3n actual y tienen espacio en esta pantalla. La opci\u00f3n que brinda el canal es diferente, en contenido y relaci\u00f3n.<\/p><p>La empresa es formadora de profesionales en la zona, con la asistencia de 5 Institutos orientados a comunicaci\u00f3n realizando pasant\u00edas en la planta, y otras de car\u00e1cter terciario. Desde 1990 formando profesionales que luego emigran a grandes canales de televisi\u00f3n abierta debido en parte a la capacitaci\u00f3n adquirida.<br \/><br \/>La emisora trabaja en conjunto con diversas ONG\u00b4s nacionales y provinciales para sus producciones y realizaciones.<\/p><\/div><\/div>\t\t\t\t\t\t\t\t<\/div>\n\t\t\t\t\t<\/div>\n\t\t\t\t<\/div>\n\t\t\t\t<\/div>\n\t\t","protected":false},"excerpt":{"rendered":"<p>Canal 4 Teleaire es un canal de televisi\u00f3n del Partido de General San Mart\u00edn, Buenos Aires, Argentina. La emisora produce [&hellip;]<\/p>\n","protected":false},"author":1,"featured_media":11,"parent":0,"menu_order":0,"comment_status":"closed","ping_status":"closed","template":"elementor_header_footer","meta":{"site-sidebar-layout":"no-sidebar","site-content-layout":"","ast-site-content-layout":"full-width-container","site-content-style":"default","site-sidebar-style":"default","ast-global-header-display":"","ast-banner-title-visibility":"","ast-main-header-display":"","ast-hfb-above-header-display":"","ast-hfb-below-header-display":"","ast-hfb-mobile-header-display":"","site-post-title":"","ast-breadcrumbs-content":"","ast-featured-img":"disabled","footer-sml-layout":"","ast-disable-related-posts":"","theme-transparent-header-meta":"","adv-header-id-meta":"","stick-header-meta":"","header-above-stick-meta":"","header-main-stick-meta":"","header-below-stick-meta":"","astra-migrate-meta-layouts":"default","ast-page-background-enabled":"default","ast-page-background-meta":{"desktop":{"background-color":"var(--ast-global-color-5)","background-image":"","background-repeat":"repeat","background-position":"center center","background-size":"auto","background-attachment":"scroll","background-type":"","background-media":"","overlay-type":"","overlay-color":"","overlay-opacity":"","overlay-gradient":""},"tablet":{"background-color":"","background-image":"","background-repeat":"repeat","background-position":"center center","background-size":"auto","background-attachment":"scroll","background-type":"","background-media":"","overlay-type":"","overlay-color":"","overlay-opacity":"","overlay-gradient":""},"mobile":{"background-color":"","background-image":"","background-repeat":"repeat","background-position":"center center","background-size":"auto","background-attachment":"scroll","background-type":"","background-media":"","overlay-type":"","overlay-color":"","overlay-opacity":"","overlay-gradient":""}},"ast-content-background-meta":{"desktop":{"background-color":"var(--ast-global-color-4)","background-image":"","background-repeat":"repeat","background-position":"center center","background-size":"auto","background-attachment":"scroll","background-type":"","background-media":"","overlay-type":"","overlay-color":"","overlay-opacity":"","overlay-gradient":""},"tablet":{"background-color":"var(--ast-global-color-4)","background-image":"","background-repeat":"repeat","background-position":"center center","background-size":"auto","background-attachment":"scroll","background-type":"","background-media":"","overlay-type":"","overlay-color":"","overlay-opacity":"","overlay-gradient":""},"mobile":{"background-color":"var(--ast-global-color-4)","background-image":"","background-repeat":"repeat","background-position":"center center","background-size":"auto","background-attachment":"scroll","background-type":"","background-media":"","overlay-type":"","overlay-color":"","overlay-opacity":"","overlay-gradient":""}},"footnotes":""},"class_list":["post-61","page","type-page","status-publish","has-post-thumbnail","hentry"],"_links":{"self":[{"href":"https:\/\/canal4teleaire.com.ar\/2025\/wp-json\/wp\/v2\/pages\/61","targetHints":{"allow":["GET"]}}],"collection":[{"href":"https:\/\/canal4teleaire.com.ar\/2025\/wp-json\/wp\/v2\/pages"}],"about":[{"href":"https:\/\/canal4teleaire.com.ar\/2025\/wp-json\/wp\/v2\/types\/page"}],"author":[{"embeddable":true,"href":"https:\/\/canal4teleaire.com.ar\/2025\/wp-json\/wp\/v2\/users\/1"}],"replies":[{"embeddable":true,"href":"https:\/\/canal4teleaire.com.ar\/2025\/wp-json\/wp\/v2\/comments?post=61"}],"version-history":[{"count":7,"href":"https:\/\/canal4teleaire.com.ar\/2025\/wp-json\/wp\/v2\/pages\/61\/revisions"}],"predecessor-version":[{"id":96,"href":"https:\/\/canal4teleaire.com.ar\/2025\/wp-json\/wp\/v2\/pages\/61\/revisions\/96"}],"wp:featuredmedia":[{"embeddable":true,"href":"https:\/\/canal4teleaire.com.ar\/2025\/wp-json\/wp\/v2\/media\/11"}],"wp:attachment":[{"href":"https:\/\/canal4teleaire.com.ar\/2025\/wp-json\/wp\/v2\/media?parent=61"}],"curies":[{"name":"wp","href":"https:\/\/api.w.org\/{rel}","templated":true}]}}